{"id":46332,"date":"2022-07-04T17:13:52","date_gmt":"2022-07-04T15:13:52","guid":{"rendered":"https:\/\/www.kawemed.com\/?page_id=46332"},"modified":"2022-07-06T13:45:11","modified_gmt":"2022-07-06T11:45:11","slug":"devolucion-de-mercancias","status":"publish","type":"page","link":"https:\/\/www.kawemed.com\/es\/devolucion-de-mercancias\/","title":{"rendered":"Devoluci\u00f3n de mercanc\u00edas"},"content":{"rendered":"<h2>Reparaci\u00f3n \/ devoluci\u00f3n de mercanc\u00edas<\/h2>\n<hr class=\"no_line\" style=\"margin: 0 auto 10px auto\"\/>\n\n<p>Nuestros productos se caracterizan por un alto grado de calidad y est\u00e1n dise\u00f1ados para una larga vida \u00fatil. Por lo tanto, nuestros equipos tienen una garant\u00eda de 2 a\u00f1os a partir de la fecha de compra (el aparato de iontoforesis incluso 4 a\u00f1os). Si tiene un motivo de reclamaci\u00f3n dentro de este plazo, p\u00f3ngase en contacto directamente con su distribuidor.<\/p>\n<p><center><a href=\"https:\/\/www.kawemed.com\/downloads\/formulare\/en_Formular_Warenruecksendung.pdf\" rel=\"noopener noreferrer\" target=\"_blank\"><\/center><center><img decoding=\"async\" src=\"https:\/\/www.kawemed.com\/wp-content\/uploads\/2022\/07\/Warenruecksendungen_en.jpg\" alt=\"return of goods\" width=\"480\"  \/><\/center><\/a><center><a href=\"https:\/\/www.kawemed.com\/downloads\/formulare\/en_Formular_Warenruecksendung.pdf\" target=\"_blank\" rel=\"noopener noreferrer\"><button style=\"font-size: 20px;\">Abrir<\/button><\/center><\/a><\/p>\n","protected":false},"excerpt":{"rendered":"<p>Reparaci\u00f3n \/ devoluci\u00f3n de mercanc\u00edas Nuestros productos se caracterizan por un alto grado de calidad y est\u00e1n dise\u00f1ados para una larga vida \u00fatil. Por lo tanto,<span class=\"excerpt-hellip\"> [\u2026]<\/span><\/p>\n","protected":false},"author":11,"featured_media":46312,"parent":0,"menu_order":0,"comment_status":"closed","ping_status":"closed","template":"","meta":{"_eb_attr":""},"categories":[],"tags":[985,981,987,984,982,983,986],"_links":{"self":[{"href":"https:\/\/www.kawemed.com\/es\/wp-json\/wp\/v2\/pages\/46332"}],"collection":[{"href":"https:\/\/www.kawemed.com\/es\/wp-json\/wp\/v2\/pages"}],"about":[{"href":"https:\/\/www.kawemed.com\/es\/wp-json\/wp\/v2\/types\/page"}],"author":[{"embeddable":true,"href":"https:\/\/www.kawemed.com\/es\/wp-json\/wp\/v2\/users\/11"}],"replies":[{"embeddable":true,"href":"https:\/\/www.kawemed.com\/es\/wp-json\/wp\/v2\/comments?post=46332"}],"version-history":[{"count":1,"href":"https:\/\/www.kawemed.com\/es\/wp-json\/wp\/v2\/pages\/46332\/revisions"}],"predecessor-version":[{"id":46334,"href":"https:\/\/www.kawemed.com\/es\/wp-json\/wp\/v2\/pages\/46332\/revisions\/46334"}],"wp:featuredmedia":[{"embeddable":true,"href":"https:\/\/www.kawemed.com\/es\/wp-json\/wp\/v2\/media\/46312"}],"wp:attachment":[{"href":"https:\/\/www.kawemed.com\/es\/wp-json\/wp\/v2\/media?parent=46332"}],"wp:term":[{"taxonomy":"category","embeddable":true,"href":"https:\/\/www.kawemed.com\/es\/wp-json\/wp\/v2\/categories?post=46332"},{"taxonomy":"post_tag","embeddable":true,"href":"https:\/\/www.kawemed.com\/es\/wp-json\/wp\/v2\/tags?post=46332"}],"curies":[{"name":"wp","href":"https:\/\/api.w.org\/{rel}","templated":true}]}}