{"id":54581,"date":"2025-07-31T10:17:43","date_gmt":"2025-07-31T08:17:43","guid":{"rendered":"https:\/\/www.kawemed.com\/?post_type=product&#038;p=54581"},"modified":"2025-08-05T11:48:36","modified_gmt":"2025-08-05T09:48:36","slug":"lampara-de-exploracion-masterlight-3f","status":"publish","type":"product","link":"https:\/\/www.kawemed.com\/es\/produkt\/lampara-de-exploracion-masterlight-3f\/","title":{"rendered":"L\u00e1mpara de exploraci\u00f3n MASTERLIGHT 3F"},"content":{"rendered":"<p><span style=\"font-size: small;\">L\u00e1mpara de exploraci\u00f3n, L\u00e1mpara m\u00e9dica, L\u00e1mpara de exploraci\u00f3n, L\u00e1mpara de quir\u00f3fano, Iluminaci\u00f3n cl\u00ednica, L\u00e1mpara de consulta, L\u00e1mpara de tratamiento, L\u00e1mpara quir\u00fargica, L\u00e1mpara de exploraci\u00f3n LED, L\u00e1mpara para m\u00e9dicos, Foco de exploraci\u00f3n, L\u00e1mpara de tratamiento, L\u00e1mpara de exploraci\u00f3n m\u00e9dica, L\u00e1mpara de exploraci\u00f3n m\u00f3vil, L\u00e1mpara de exploraci\u00f3n para dentistas, L\u00e1mpara de exploraci\u00f3n para veterinarios, L\u00e1mpara de exploraci\u00f3n con lupa, L\u00e1mpara de exploraci\u00f3n regulable, L\u00e1mpara de exploraci\u00f3n de techo, L\u00e1mpara de exploraci\u00f3n de alta intensidad<\/span><\/p>\n","protected":false},"excerpt":{"rendered":"<p><strong>REF 10.21023.302<\/strong><\/p>\n<p><span style=\"color: red;\"><strong>Made in Germany<\/strong><\/span><\/p>\n","protected":false},"featured_media":54570,"template":"","meta":{"_eb_attr":""},"product_cat":[810,811],"product_tag":[1097],"_links":{"self":[{"href":"https:\/\/www.kawemed.com\/es\/wp-json\/wp\/v2\/product\/54581"}],"collection":[{"href":"https:\/\/www.kawemed.com\/es\/wp-json\/wp\/v2\/product"}],"about":[{"href":"https:\/\/www.kawemed.com\/es\/wp-json\/wp\/v2\/types\/product"}],"wp:featuredmedia":[{"embeddable":true,"href":"https:\/\/www.kawemed.com\/es\/wp-json\/wp\/v2\/media\/54570"}],"wp:attachment":[{"href":"https:\/\/www.kawemed.com\/es\/wp-json\/wp\/v2\/media?parent=54581"}],"wp:term":[{"taxonomy":"product_cat","embeddable":true,"href":"https:\/\/www.kawemed.com\/es\/wp-json\/wp\/v2\/product_cat?post=54581"},{"taxonomy":"product_tag","embeddable":true,"href":"https:\/\/www.kawemed.com\/es\/wp-json\/wp\/v2\/product_tag?post=54581"}],"curies":[{"name":"wp","href":"https:\/\/api.w.org\/{rel}","templated":true}]}}