{"id":6315,"date":"2018-08-13T10:38:55","date_gmt":"2018-08-13T08:38:55","guid":{"rendered":"https:\/\/www.kawemed.com\/produkt\/02-15008-003\/"},"modified":"2025-05-20T11:20:39","modified_gmt":"2025-05-20T09:20:39","slug":"02-15008-003","status":"publish","type":"product","link":"https:\/\/www.kawemed.com\/es\/produkt\/02-15008-003\/","title":{"rendered":"KaWe EUROLIGHT PRO SET LED 2,5 V"},"content":{"rendered":"<p><strong>Set de otoscopio\/oftalmoscopio<br \/>\n2,5 V &#8211; 2 cabezales, 5 diafragmas, 1 mango<\/strong><\/p>\n<p>&nbsp;<\/p>\n<p><strong>Volumen de suministro:<\/strong><\/p>\n<p><strong>2,5 V &#8211; cabezal de otoscopio<\/strong>:<\/p>\n<ul>\n<li>KaWe EUROLIGHT F.O.30 LED<\/li>\n<li>bombilla LED REF 12.75153.003<\/li>\n<li>con lente de 3 aumentos<\/li>\n<li>conexi\u00f3n para test neum\u00e1tico<\/li>\n<\/ul>\n<p><strong>2,5 V &#8211; cabezal de oftalmoscopio<\/strong>:<\/p>\n<ul>\n<li>KaWe EUROLIGHT E35 LED<\/li>\n<li>bombilla LED REF 12.75156.003<\/li>\n<li>5 diafragmas, con filtro verde<\/li>\n<li>con rueda de lentes de correcci\u00f3n, correcci\u00f3n en escalones de +35 hasta \u201336 dioptr\u00edas, 1 dioptr\u00eda por escal\u00f3n, 71 lentes<\/li>\n<li>\u00f3ptica de precisi\u00f3n asf\u00e9rica<\/li>\n<\/ul>\n<p><strong>2,5 V &#8211; mango<\/strong>:<\/p>\n<ul>\n<li>cierre tipo clic<\/li>\n<li>con reductor de luz<\/li>\n<li>mango met\u00e1lico recargable C, mediano<\/li>\n<\/ul>\n<p><strong>Accesorios:<\/strong><\/p>\n<ul>\n<li>esp\u00e9culos auriculares desechables 10 x \u00d8 2,5 mm, 10 x \u00d8 4 mm<\/li>\n<li>esp\u00e9culos auriculares reutilizables 2 x \u00d8 2,5 mm, 2 x \u00d8 4 mm<\/li>\n<li>conjunto suministrado en una caja r\u00edgida blanca (REF\u00a0 01.79107.022)<\/li>\n<\/ul>\n","protected":false},"excerpt":{"rendered":"<p><strong>REF 02.15008.003<\/strong><\/p>\n","protected":false},"featured_media":4304,"template":"","meta":{"_eb_attr":""},"product_cat":[822,824],"product_tag":[],"_links":{"self":[{"href":"https:\/\/www.kawemed.com\/es\/wp-json\/wp\/v2\/product\/6315"}],"collection":[{"href":"https:\/\/www.kawemed.com\/es\/wp-json\/wp\/v2\/product"}],"about":[{"href":"https:\/\/www.kawemed.com\/es\/wp-json\/wp\/v2\/types\/product"}],"wp:featuredmedia":[{"embeddable":true,"href":"https:\/\/www.kawemed.com\/es\/wp-json\/wp\/v2\/media\/4304"}],"wp:attachment":[{"href":"https:\/\/www.kawemed.com\/es\/wp-json\/wp\/v2\/media?parent=6315"}],"wp:term":[{"taxonomy":"product_cat","embeddable":true,"href":"https:\/\/www.kawemed.com\/es\/wp-json\/wp\/v2\/product_cat?post=6315"},{"taxonomy":"product_tag","embeddable":true,"href":"https:\/\/www.kawemed.com\/es\/wp-json\/wp\/v2\/product_tag?post=6315"}],"curies":[{"name":"wp","href":"https:\/\/api.w.org\/{rel}","templated":true}]}}