{"id":6343,"date":"2018-08-13T08:36:50","date_gmt":"2018-08-13T06:36:50","guid":{"rendered":"https:\/\/www.kawemed.com\/produkt\/02-01104-002\/"},"modified":"2022-03-21T10:42:38","modified_gmt":"2022-03-21T09:42:38","slug":"02-01104-002","status":"publish","type":"product","link":"https:\/\/www.kawemed.com\/es\/produkt\/02-01104-002\/","title":{"rendered":"Set b&aacute;sico C10 \/ E16, UE"},"content":{"rendered":"<p><strong>Set de otoscopio\/oftalmoscopio<br \/>\n2,5 V &#8211; 2 cabezales, 6 diafragmas, 1 mango<\/strong><\/p>\n<p>&nbsp;<\/p>\n<p><strong>2,5 V &#8211; cabezal de otoscopio<\/strong>:<\/p>\n<ul>\n<li>KaWe COMBILIGHT C10<\/li>\n<li>bombilla de vac\u00edo REF 12.75111.013<\/li>\n<li>con lente de 3 aumentos<\/li>\n<li>conexi\u00f3n para test neum\u00e1tico<\/li>\n<\/ul>\n<p><strong>2,5 V &#8211; cabezal de oftalmoscopio<\/strong>:<\/p>\n<ul>\n<li>KaWe EUROLIGHT E16<\/li>\n<li>bombilla de vac\u00edo REF 12.75113.003<\/li>\n<li>6 diafragmas<\/li>\n<li>UE = filtro verde<\/li>\n<li>con rueda de lentes de correcci\u00f3n, correcci\u00f3n en escalones de +20 hasta \u201320 dioptr\u00edas<\/li>\n<li>\u00f3ptica de precisi\u00f3n asf\u00e9rica<\/li>\n<\/ul>\n<p><strong>2,5 V &#8211; mango<\/strong>:<\/p>\n<ul>\n<li>cierre roscado<\/li>\n<li>con reductor de luz<\/li>\n<li>mango a pilas\/recargable C, mediano (recargable en el cargador KaWe MedCharge 4000 en combinaci\u00f3n con una pila recargable)<\/li>\n<li>pilas: 2 Baby, tipo C (las pilas no est\u00e1n incluidas en el suministro)<\/li>\n<\/ul>\n<p><strong>Accesorios:<\/strong><\/p>\n<ul>\n<li>3 esp\u00e9culos auriculares reutilizables \u00d8 2,5 \/ 3,5 \/ 4,5 mm, REF 01.72101.001<\/li>\n<li>2 esp\u00e9culos lar\u00edngeos, REF\u00a0 01.79103.001 \u00d8 tama\u00f1o 3: 20 mm, tama\u00f1o 4: 22 mm,<\/li>\n<li>portal\u00e1mpara curvado, REF\u00a0 01.79102.001<\/li>\n<li>portaesp\u00e1tula de material sint\u00e9tico, REF\u00a0 01.79201.001<\/li>\n<li>esp\u00e9culo nasal cromado con tornillo de ajuste, REF\u00a0 01.79202.001<\/li>\n<li>bombilla de reserva, REF\u00a0 12.75111.013<\/li>\n<li>conjunto suministrado en una caja r\u00edgida blanca, REF\u00a0 01.79207.022<\/li>\n<\/ul>\n","protected":false},"excerpt":{"rendered":"<p><strong>REF 02.01104.002<\/strong><\/p>\n","protected":false},"featured_media":4352,"template":"","meta":{"_eb_attr":""},"product_cat":[822,836],"product_tag":[],"_links":{"self":[{"href":"https:\/\/www.kawemed.com\/es\/wp-json\/wp\/v2\/product\/6343"}],"collection":[{"href":"https:\/\/www.kawemed.com\/es\/wp-json\/wp\/v2\/product"}],"about":[{"href":"https:\/\/www.kawemed.com\/es\/wp-json\/wp\/v2\/types\/product"}],"wp:featuredmedia":[{"embeddable":true,"href":"https:\/\/www.kawemed.com\/es\/wp-json\/wp\/v2\/media\/4352"}],"wp:attachment":[{"href":"https:\/\/www.kawemed.com\/es\/wp-json\/wp\/v2\/media?parent=6343"}],"wp:term":[{"taxonomy":"product_cat","embeddable":true,"href":"https:\/\/www.kawemed.com\/es\/wp-json\/wp\/v2\/product_cat?post=6343"},{"taxonomy":"product_tag","embeddable":true,"href":"https:\/\/www.kawemed.com\/es\/wp-json\/wp\/v2\/product_tag?post=6343"}],"curies":[{"name":"wp","href":"https:\/\/api.w.org\/{rel}","templated":true}]}}