{"id":6347,"date":"2018-08-13T09:04:40","date_gmt":"2018-08-13T07:04:40","guid":{"rendered":"https:\/\/www.kawemed.com\/produkt\/02-24004-102\/"},"modified":"2022-03-21T10:42:00","modified_gmt":"2022-03-21T09:42:00","slug":"02-24004-102","status":"publish","type":"product","link":"https:\/\/www.kawemed.com\/es\/produkt\/02-24004-102\/","title":{"rendered":"KaWe COMBILIGHT F.O.30 \/ E36, UE \/ 3,5 V"},"content":{"rendered":"<p><strong>Set de otoscopio\/oftalmoscopio<br \/>\n3,5 V &#8211; 2 cabezales, 6 diafragmas, 1 mango<\/strong><\/p>\n<p>&nbsp;<\/p>\n<p><strong>3,5 V &#8211; cabezal de otoscopio<\/strong>:<\/p>\n<ul>\n<li>KaWe COMBILIGHT F.O.30<\/li>\n<li>bombilla de xen\u00f3n (REF 12.75241.003)<\/li>\n<li>con lente de 3 aumentos<\/li>\n<li>conexi\u00f3n para test neum\u00e1tico<\/li>\n<\/ul>\n<p><strong>3,5 V &#8211; cabezal de oftalmoscopio<\/strong>:<\/p>\n<ul>\n<li>KaWe EUROLIGHT E36<\/li>\n<li>bombilla xen\u00f3n\/hal\u00f3gena (REF 12.75232.003)<\/li>\n<li>6 diafragmas<\/li>\n<li>UE = filtro verde<\/li>\n<li>con rueda de lentes de correcci\u00f3n, correcci\u00f3n en escalones de +20 hasta \u201320 dioptr\u00edas<\/li>\n<li>\u00f3ptica de precisi\u00f3n asf\u00e9rica<\/li>\n<\/ul>\n<p><strong>3,5 V &#8211; mango<\/strong>:<\/p>\n<ul>\n<li>cierre tipo clic<\/li>\n<li>con reductor de luz<\/li>\n<li>mango recargable C, mediano, con pila recargable Li-ion, solo utilizable en combinaci\u00f3n con KaWe MedCharge 4000<\/li>\n<\/ul>\n<p><strong>Accesorios:<\/strong><\/p>\n<ul>\n<li>esp\u00e9culos auriculares desechables 10 x \u00d8 2,5 mm, 10 x \u00d8 4 mm<\/li>\n<li>conjunto suministrado en una caja r\u00edgida blanca (REF\u00a0 01.79107.022)<\/li>\n<\/ul>\n","protected":false},"excerpt":{"rendered":"<p><strong>REF 02.24004.102<\/strong><\/p>\n","protected":false},"featured_media":4340,"template":"","meta":{"_eb_attr":""},"product_cat":[822,837],"product_tag":[],"_links":{"self":[{"href":"https:\/\/www.kawemed.com\/es\/wp-json\/wp\/v2\/product\/6347"}],"collection":[{"href":"https:\/\/www.kawemed.com\/es\/wp-json\/wp\/v2\/product"}],"about":[{"href":"https:\/\/www.kawemed.com\/es\/wp-json\/wp\/v2\/types\/product"}],"wp:featuredmedia":[{"embeddable":true,"href":"https:\/\/www.kawemed.com\/es\/wp-json\/wp\/v2\/media\/4340"}],"wp:attachment":[{"href":"https:\/\/www.kawemed.com\/es\/wp-json\/wp\/v2\/media?parent=6347"}],"wp:term":[{"taxonomy":"product_cat","embeddable":true,"href":"https:\/\/www.kawemed.com\/es\/wp-json\/wp\/v2\/product_cat?post=6347"},{"taxonomy":"product_tag","embeddable":true,"href":"https:\/\/www.kawemed.com\/es\/wp-json\/wp\/v2\/product_tag?post=6347"}],"curies":[{"name":"wp","href":"https:\/\/api.w.org\/{rel}","templated":true}]}}