{"id":6508,"date":"2018-08-08T16:41:26","date_gmt":"2018-08-08T14:41:26","guid":{"rendered":"https:\/\/www.kawemed.com\/produkt\/01-11110-001\/"},"modified":"2025-03-11T13:00:32","modified_gmt":"2025-03-11T12:00:32","slug":"kawe-eurolight-c10-otoscopio","status":"publish","type":"product","link":"https:\/\/www.kawemed.com\/es\/produkt\/kawe-eurolight-c10-otoscopio\/","title":{"rendered":"KaWe EUROLIGHT C10 Otoscopio"},"content":{"rendered":"<ul>\n<li>2,5 V<\/li>\n<li>cierre roscado<\/li>\n<li>bombilla de vac\u00edo (REF 12.75111.013)<\/li>\n<li>conexi\u00f3n para test neum\u00e1tico<\/li>\n<li>mango a pilas \/ recargable C, de metal<\/li>\n<li>re\u00f3stato con reductor de luz<\/li>\n<li>esp\u00e9culos auriculares desechables 10 x \u00d8 2,5 mm 10 x \u00d8 4,0 mm<\/li>\n<li>conjunto suministrado en un estuche<\/li>\n<li>pilas: 2 Baby (tipo C) (pilas no incluidas en el suministro)<\/li>\n<\/ul>\n","protected":false},"excerpt":{"rendered":"<p><strong>REF 01.11110.001<\/strong><\/p>\n","protected":false},"featured_media":19012,"template":"","meta":{"_eb_attr":""},"product_cat":[814,898],"product_tag":[],"_links":{"self":[{"href":"https:\/\/www.kawemed.com\/es\/wp-json\/wp\/v2\/product\/6508"}],"collection":[{"href":"https:\/\/www.kawemed.com\/es\/wp-json\/wp\/v2\/product"}],"about":[{"href":"https:\/\/www.kawemed.com\/es\/wp-json\/wp\/v2\/types\/product"}],"wp:featuredmedia":[{"embeddable":true,"href":"https:\/\/www.kawemed.com\/es\/wp-json\/wp\/v2\/media\/19012"}],"wp:attachment":[{"href":"https:\/\/www.kawemed.com\/es\/wp-json\/wp\/v2\/media?parent=6508"}],"wp:term":[{"taxonomy":"product_cat","embeddable":true,"href":"https:\/\/www.kawemed.com\/es\/wp-json\/wp\/v2\/product_cat?post=6508"},{"taxonomy":"product_tag","embeddable":true,"href":"https:\/\/www.kawemed.com\/es\/wp-json\/wp\/v2\/product_tag?post=6508"}],"curies":[{"name":"wp","href":"https:\/\/api.w.org\/{rel}","templated":true}]}}