{"id":6513,"date":"2018-08-09T08:18:12","date_gmt":"2018-08-09T06:18:12","guid":{"rendered":"https:\/\/www.kawemed.com\/produkt\/01-11430-101\/"},"modified":"2021-02-09T11:35:46","modified_gmt":"2021-02-09T10:35:46","slug":"kawe-eurolight-f-o-30-35v-otoscopio","status":"publish","type":"product","link":"https:\/\/www.kawemed.com\/es\/produkt\/kawe-eurolight-f-o-30-35v-otoscopio\/","title":{"rendered":"KaWe EUROLIGHT F.O.30 | 3,5V Otoscopio"},"content":{"rendered":"<p><strong>KaWe EUROLIGHT F.O.30 | 3,5V Otoscopio<\/strong><\/p>\n<ul>\n<li>3,5 V<\/li>\n<li>cierre tipo clic<\/li>\n<li>bombilla de xen\u00f3n 3,5 V de alta potencia (REF 12.75241.003)<\/li>\n<li>conexi\u00f3n para test neum\u00e1tico<\/li>\n<li>mango met\u00e1lico recargable C<\/li>\n<li>esp\u00e9culos auriculares desechables 10 x \u00d8 2,5 mm10 x \u00d8 4,0 mm<\/li>\n<li>con pila recargable Li-Ion 3,5 V (REF 12.80220.722), s\u00f3lo utilizable en combinaci\u00f3n con el cargador KaWe MedCharge 4000 (REF 12.80005.002)<\/li>\n<li>conjunto suministrado en un estuche<\/li>\n<\/ul>\n","protected":false},"excerpt":{"rendered":"<p><strong>REF 01.11430.101<\/strong><\/p>\n","protected":false},"featured_media":18757,"template":"","meta":{"_eb_attr":""},"product_cat":[814,898],"product_tag":[],"_links":{"self":[{"href":"https:\/\/www.kawemed.com\/es\/wp-json\/wp\/v2\/product\/6513"}],"collection":[{"href":"https:\/\/www.kawemed.com\/es\/wp-json\/wp\/v2\/product"}],"about":[{"href":"https:\/\/www.kawemed.com\/es\/wp-json\/wp\/v2\/types\/product"}],"wp:featuredmedia":[{"embeddable":true,"href":"https:\/\/www.kawemed.com\/es\/wp-json\/wp\/v2\/media\/18757"}],"wp:attachment":[{"href":"https:\/\/www.kawemed.com\/es\/wp-json\/wp\/v2\/media?parent=6513"}],"wp:term":[{"taxonomy":"product_cat","embeddable":true,"href":"https:\/\/www.kawemed.com\/es\/wp-json\/wp\/v2\/product_cat?post=6513"},{"taxonomy":"product_tag","embeddable":true,"href":"https:\/\/www.kawemed.com\/es\/wp-json\/wp\/v2\/product_tag?post=6513"}],"curies":[{"name":"wp","href":"https:\/\/api.w.org\/{rel}","templated":true}]}}