{"id":6667,"date":"2018-08-07T10:33:39","date_gmt":"2018-08-07T08:33:39","guid":{"rendered":"https:\/\/www.kawemed.com\/produkt\/schwestern-lehr-stethoskop-plano\/"},"modified":"2020-02-27T14:36:01","modified_gmt":"2020-02-27T13:36:01","slug":"estetoscopio-de-aprendizaje-de-enfermera-plano","status":"publish","type":"product","link":"https:\/\/www.kawemed.com\/es\/produkt\/estetoscopio-de-aprendizaje-de-enfermera-plano\/","title":{"rendered":"Estetoscopio de aprendizaje de enfermer&iacute;a Plano"},"content":{"rendered":"<ul>\n<li>Plano, rojo-amarillo<\/li>\n<li>estetoscopio plano<\/li>\n<li>con 2 auriculares<\/li>\n<li>membrana \u00d8 43,8 mm<\/li>\n<li>longitud total aprox. 130 cm<\/li>\n<li>peso Plano: aprox. 210 g<\/li>\n<\/ul>\n<p>&nbsp;<\/p>\n","protected":false},"excerpt":{"rendered":"<div class=\"product-short-description\"><strong>REF 06.34100.144<\/strong><\/div>\n<p>Los componentes b\u00e1sicos de nuestro estetoscopio de aprendizaje de enfermer\u00eda son los modelos Kirchner COLORSCOP Plano y-Duo. El estetoscopio de aprendizaje de enfermer\u00eda consta de dos parejas de auriculares, un tubo flexible de 110 cm y una pieza pectoral ya sea plana o doble. Esto permite que dos personas realicen el examen simult\u00e1neamente.<\/p>\n","protected":false},"featured_media":6668,"template":"","meta":{"_eb_attr":""},"product_cat":[812,915],"product_tag":[],"_links":{"self":[{"href":"https:\/\/www.kawemed.com\/es\/wp-json\/wp\/v2\/product\/6667"}],"collection":[{"href":"https:\/\/www.kawemed.com\/es\/wp-json\/wp\/v2\/product"}],"about":[{"href":"https:\/\/www.kawemed.com\/es\/wp-json\/wp\/v2\/types\/product"}],"wp:featuredmedia":[{"embeddable":true,"href":"https:\/\/www.kawemed.com\/es\/wp-json\/wp\/v2\/media\/6668"}],"wp:attachment":[{"href":"https:\/\/www.kawemed.com\/es\/wp-json\/wp\/v2\/media?parent=6667"}],"wp:term":[{"taxonomy":"product_cat","embeddable":true,"href":"https:\/\/www.kawemed.com\/es\/wp-json\/wp\/v2\/product_cat?post=6667"},{"taxonomy":"product_tag","embeddable":true,"href":"https:\/\/www.kawemed.com\/es\/wp-json\/wp\/v2\/product_tag?post=6667"}],"curies":[{"name":"wp","href":"https:\/\/api.w.org\/{rel}","templated":true}]}}