{"id":6748,"date":"2018-08-06T15:31:08","date_gmt":"2018-08-06T13:31:08","guid":{"rendered":"https:\/\/www.kawemed.com\/produkt\/baby-prestige\/"},"modified":"2025-08-26T10:06:46","modified_gmt":"2025-08-26T08:06:46","slug":"baby-prestige","status":"publish","type":"product","link":"https:\/\/www.kawemed.com\/es\/produkt\/baby-prestige\/","title":{"rendered":"Baby Prestige"},"content":{"rendered":"<ul>\n<li><strong>de acero inoxidable<\/strong><\/li>\n<li>longitud total aprox. 78 cm<\/li>\n<li>de funci\u00f3n reversible<\/li>\n<li>membrana \u00d8 28,5 mm<\/li>\n<li>pieza de conexi\u00f3n con marca facilitando el posicionamiento sencillo y correcto<\/li>\n<li>sin p\u00e9rdida de tiempo a causa de un ajuste equivocado de la pieza pectoral<\/li>\n<li>peso: aprox. 128 g<\/li>\n<\/ul>\n<p>&nbsp;<\/p>\n","protected":false},"excerpt":{"rendered":"<p>Es desde hace muchos a\u00f1os el modelo cl\u00e1sico entre los estetoscopios KaWe. La pieza pectoral de precisi\u00f3n es elaborada en acero inoxidable macizo. El tubo flexible, disponible en diferentes colores, posee auriculares integrados en aero inoxidable y olivas blandas para mayor comodidad de uso.<\/p>\n","protected":false},"featured_media":53488,"template":"","meta":{"_eb_attr":""},"product_cat":[812,828],"product_tag":[],"_links":{"self":[{"href":"https:\/\/www.kawemed.com\/es\/wp-json\/wp\/v2\/product\/6748"}],"collection":[{"href":"https:\/\/www.kawemed.com\/es\/wp-json\/wp\/v2\/product"}],"about":[{"href":"https:\/\/www.kawemed.com\/es\/wp-json\/wp\/v2\/types\/product"}],"wp:featuredmedia":[{"embeddable":true,"href":"https:\/\/www.kawemed.com\/es\/wp-json\/wp\/v2\/media\/53488"}],"wp:attachment":[{"href":"https:\/\/www.kawemed.com\/es\/wp-json\/wp\/v2\/media?parent=6748"}],"wp:term":[{"taxonomy":"product_cat","embeddable":true,"href":"https:\/\/www.kawemed.com\/es\/wp-json\/wp\/v2\/product_cat?post=6748"},{"taxonomy":"product_tag","embeddable":true,"href":"https:\/\/www.kawemed.com\/es\/wp-json\/wp\/v2\/product_tag?post=6748"}],"curies":[{"name":"wp","href":"https:\/\/api.w.org\/{rel}","templated":true}]}}