{"id":6756,"date":"2018-08-06T15:40:05","date_gmt":"2018-08-06T13:40:05","guid":{"rendered":"https:\/\/www.kawemed.com\/produkt\/baby-prestige-light\/"},"modified":"2025-08-26T10:05:50","modified_gmt":"2025-08-26T08:05:50","slug":"baby-prestige-light","status":"publish","type":"product","link":"https:\/\/www.kawemed.com\/es\/produkt\/baby-prestige-light\/","title":{"rendered":"Baby Prestige light"},"content":{"rendered":"<ul>\n<li><strong>de aluminio<\/strong><\/li>\n<li>longitud total aprox. 78 cm<\/li>\n<li>de funci\u00f3n reversible<\/li>\n<li>membrana \u00d8 28,5 mm<\/li>\n<li>pieza de conexi\u00f3n con marca facilitando el posicionamiento sencillo y correcto<\/li>\n<li>sin p\u00e9rdida de tiempo a causa de un ajuste equivocado de la pieza pectoral<\/li>\n<li>peso: aprox. 102 g<\/li>\n<\/ul>\n<p>&nbsp;<\/p>\n","protected":false},"excerpt":{"rendered":"<p>Hemos ampliado nuestro portafolio y ofrecemos ahora tambi\u00e9n modelos en aluminio de esta exitosa serie de estetoscopios. Posee caracter\u00edsticas destacadas muy convincentes como la calidad del sonido excelente debido a membranas de alta prestaci\u00f3n y reforzadas con fibra de vidrio as\u00ed como el poco peso propio del estetoscopio.<\/p>\n","protected":false},"featured_media":53524,"template":"","meta":{"_eb_attr":""},"product_cat":[812,828],"product_tag":[],"_links":{"self":[{"href":"https:\/\/www.kawemed.com\/es\/wp-json\/wp\/v2\/product\/6756"}],"collection":[{"href":"https:\/\/www.kawemed.com\/es\/wp-json\/wp\/v2\/product"}],"about":[{"href":"https:\/\/www.kawemed.com\/es\/wp-json\/wp\/v2\/types\/product"}],"wp:featuredmedia":[{"embeddable":true,"href":"https:\/\/www.kawemed.com\/es\/wp-json\/wp\/v2\/media\/53524"}],"wp:attachment":[{"href":"https:\/\/www.kawemed.com\/es\/wp-json\/wp\/v2\/media?parent=6756"}],"wp:term":[{"taxonomy":"product_cat","embeddable":true,"href":"https:\/\/www.kawemed.com\/es\/wp-json\/wp\/v2\/product_cat?post=6756"},{"taxonomy":"product_tag","embeddable":true,"href":"https:\/\/www.kawemed.com\/es\/wp-json\/wp\/v2\/product_tag?post=6756"}],"curies":[{"name":"wp","href":"https:\/\/api.w.org\/{rel}","templated":true}]}}