{"id":6886,"date":"2018-07-31T10:09:34","date_gmt":"2018-07-31T08:09:34","guid":{"rendered":"https:\/\/www.kawemed.com\/produkt\/kopfband-und-guertel\/"},"modified":"2022-06-07T10:27:15","modified_gmt":"2022-06-07T08:27:15","slug":"cinta-para-la-cabeza-y-cinturn","status":"publish","type":"product","link":"https:\/\/www.kawemed.com\/es\/produkt\/cinta-para-la-cabeza-y-cinturn\/","title":{"rendered":"KaWe HiLight LED H-800"},"content":{"rendered":"<ul>\n<li>dise\u00f1o moderno y ergon\u00f3mico con tecnolog\u00eda LED<\/li>\n<li>LED de alto rendimiento, con luz blanca homog\u00e9nea para diferentes aplicaciones diagn\u00f3sticos, por ej. el \u00e1rea dental u otorrinolaringol\u00f3gica, etc.<\/li>\n<li>\u00f3ptica de vidrio recocido para una luminosidad \u00f3ptima y menos calor<\/li>\n<li>LED altamente eficiente, por consiguiente largo tiempo de funcionamiento de la pila recargable<\/li>\n<li>una protecci\u00f3n de aluminio en las articulaciones garantiza el enfriamiento por convecci\u00f3n y radiaci\u00f3n, por consiguiente se elimina el ruido ocasionado por el uso de un ventilador<\/li>\n<li>ajuste sin escalones del tama\u00f1o del \u00e1rea luminosa, del diafragma de iris y del \u00e1ngulo de iluminaci\u00f3n<\/li>\n<li>utilizable con una lupa binocular ajuste sencillo y sin escalones de la cinta para la cabeza mediante un sistema nivelador integrado, los tornillos no molestan debajo de las cofias desechables<\/li>\n<li>coj\u00edn reemplazable para la frente<\/li>\n<li>peso propio muy reducido aprox. 260 g sin pila recargable para la cinta para la cabeza, aprox. 390 g con pila recargable para la cinta para la cabeza, por ello una \u00f3ptima comodidad tambi\u00e9n con un uso por un per\u00edodo largo de tiempo, adem\u00e1s de permitir trabajar c\u00f3modamente por horas<\/li>\n<li>cambio r\u00e1pido de las pilas recargables gracias a un sistema de Clip\/enchufable.<\/li>\n<\/ul>\n","protected":false},"excerpt":{"rendered":"<h4>L\u00e1mpara frontal con pila recargable para cinta para la cabeza y cintur\u00f3n<\/h4>\n<p><strong>UE = REF 12.89312.312<br \/>\n<\/strong><strong>GB = REF \u00a012.89312.322<br \/>\n<\/strong><strong>USA = REF \u00a012.89312.332<br \/>\n<\/strong><\/p>\n<p>&nbsp;<\/p>\n","protected":false},"featured_media":6887,"template":"","meta":{"_eb_attr":""},"product_cat":[826,855],"product_tag":[],"_links":{"self":[{"href":"https:\/\/www.kawemed.com\/es\/wp-json\/wp\/v2\/product\/6886"}],"collection":[{"href":"https:\/\/www.kawemed.com\/es\/wp-json\/wp\/v2\/product"}],"about":[{"href":"https:\/\/www.kawemed.com\/es\/wp-json\/wp\/v2\/types\/product"}],"wp:featuredmedia":[{"embeddable":true,"href":"https:\/\/www.kawemed.com\/es\/wp-json\/wp\/v2\/media\/6887"}],"wp:attachment":[{"href":"https:\/\/www.kawemed.com\/es\/wp-json\/wp\/v2\/media?parent=6886"}],"wp:term":[{"taxonomy":"product_cat","embeddable":true,"href":"https:\/\/www.kawemed.com\/es\/wp-json\/wp\/v2\/product_cat?post=6886"},{"taxonomy":"product_tag","embeddable":true,"href":"https:\/\/www.kawemed.com\/es\/wp-json\/wp\/v2\/product_tag?post=6886"}],"curies":[{"name":"wp","href":"https:\/\/api.w.org\/{rel}","templated":true}]}}